{"id":51312,"date":"2021-11-10T09:23:59","date_gmt":"2021-11-10T08:23:59","guid":{"rendered":"https:\/\/dzl.de\/newsletter\/"},"modified":"2025-04-29T13:05:16","modified_gmt":"2025-04-29T11:05:16","slug":"newsletter","status":"publish","type":"page","link":"https:\/\/dzl.de\/en\/newsletter\/","title":{"rendered":"Newsletter"},"content":{"rendered":"<p>With DZL Inside we inform you about all the latest news from the German Center for Lung Research (DZL). The DZL is an association of 28 leading university and non-university institutions dedicated to research into respiratory diseases at the highest international level. Enjoy reading and discovering!<\/p>\n<p><img loading=\"lazy\" decoding=\"async\" class=\"alignnone wp-image-49356\" src=\"https:\/\/dzl.de\/wp-content\/uploads\/2024\/11\/Illustration_DZL_Newsletter-300x171.png\" alt=\"\" width=\"538\" height=\"307\" srcset=\"https:\/\/dzl.de\/wp-content\/uploads\/2024\/11\/Illustration_DZL_Newsletter-300x171.png 300w, https:\/\/dzl.de\/wp-content\/uploads\/2024\/11\/Illustration_DZL_Newsletter-1024x585.png 1024w, https:\/\/dzl.de\/wp-content\/uploads\/2024\/11\/Illustration_DZL_Newsletter-768x439.png 768w, https:\/\/dzl.de\/wp-content\/uploads\/2024\/11\/Illustration_DZL_Newsletter-1536x878.png 1536w, https:\/\/dzl.de\/wp-content\/uploads\/2024\/11\/Illustration_DZL_Newsletter-2048x1170.png 2048w, https:\/\/dzl.de\/wp-content\/uploads\/2024\/11\/Illustration_DZL_Newsletter.png 2688w\" sizes=\"auto, (max-width: 538px) 100vw, 538px\" \/><\/p>\n<p>Previous issues are available for viewing in our <a href=\"https:\/\/dzl.de\/en\/media-center\/\" target=\"_blank\" rel=\"noopener\">Media Library<\/a>.<\/p>\n","protected":false},"excerpt":{"rendered":"<p>With DZL Inside we inform you about all the latest news from the German Center for Lung Research (DZL). The DZL is an association of 28 leading university and non-university institutions dedicated to research into respiratory diseases at the highest international level. Enjoy reading and discovering! Previous issues are available for viewing in our Media [&hellip;]<\/p>\n","protected":false},"author":2,"featured_media":620,"parent":0,"menu_order":0,"comment_status":"closed","ping_status":"closed","template":"","meta":{"_acf_changed":false,"_seopress_robots_primary_cat":"","_seopress_titles_title":"","_seopress_titles_desc":"Ab sofort informieren wir Sie mit unserem Newsletter \"DZL Inside\" zweimal j\u00e4hrlich \u00fcber alle Neuigkeiten aus dem Deutschen Zentrum f\u00fcr Lungenforschung (DZL).","_seopress_robots_index":"","footnotes":""},"class_list":["post-51312","page","type-page","status-publish","has-post-thumbnail","hentry"],"acf":[],"_links":{"self":[{"href":"https:\/\/dzl.de\/en\/wp-json\/wp\/v2\/pages\/51312","targetHints":{"allow":["GET"]}}],"collection":[{"href":"https:\/\/dzl.de\/en\/wp-json\/wp\/v2\/pages"}],"about":[{"href":"https:\/\/dzl.de\/en\/wp-json\/wp\/v2\/types\/page"}],"author":[{"embeddable":true,"href":"https:\/\/dzl.de\/en\/wp-json\/wp\/v2\/users\/2"}],"replies":[{"embeddable":true,"href":"https:\/\/dzl.de\/en\/wp-json\/wp\/v2\/comments?post=51312"}],"version-history":[{"count":3,"href":"https:\/\/dzl.de\/en\/wp-json\/wp\/v2\/pages\/51312\/revisions"}],"predecessor-version":[{"id":51830,"href":"https:\/\/dzl.de\/en\/wp-json\/wp\/v2\/pages\/51312\/revisions\/51830"}],"wp:featuredmedia":[{"embeddable":true,"href":"https:\/\/dzl.de\/en\/wp-json\/wp\/v2\/media\/620"}],"wp:attachment":[{"href":"https:\/\/dzl.de\/en\/wp-json\/wp\/v2\/media?parent=51312"}],"curies":[{"name":"wp","href":"https:\/\/api.w.org\/{rel}","templated":true}]}}